{"id":13163,"date":"2024-06-12T06:38:38","date_gmt":"2024-06-12T06:38:38","guid":{"rendered":"https:\/\/thanviet.net\/?page_id=13163"},"modified":"2024-06-13T14:47:54","modified_gmt":"2024-06-13T14:47:54","slug":"bang-gia-than-trang","status":"publish","type":"page","link":"https:\/\/thanviet.net\/en\/bang-gia-than-trang\/","title":{"rendered":"Price of white charcoal"},"content":{"rendered":"<p><strong>Price table of White charcoal applied from June, 2024:<br><\/strong><br><\/p>\n\n\n\n<table id=\"tablepress-4\" class=\"tablepress tablepress-id-4\">\n<thead>\n<tr class=\"row-1 odd\">\n\t<th class=\"column-1\">Price of white charcoal<\/th><th class=\"column-2\">Type A (\u0111\/kg)<\/th>\n<\/tr>\n<\/thead>\n<tbody class=\"row-hover\">\n<tr class=\"row-2 even\">\n\t<td class=\"column-1\"><p style=\"background-color:#FFD7D7\";>% carbonization<\/p><\/td><td class=\"column-2\"><p style=\"background-color:#FFD7D7\";>>90%<\/p><\/td>\n<\/tr>\n<tr class=\"row-3 odd\">\n\t<td class=\"column-1\"><p style=\"background-color:#FFD7D7\";>Hours of burning<\/p><\/td><td class=\"column-2\"><p style=\"background-color:#FFD7D7\";>7-8 hours<\/p><\/td>\n<\/tr>\n<tr class=\"row-4 even\">\n\t<td class=\"column-1\">From 50-99 kg<\/td><td class=\"column-2\"><p style=\"background-color:#E8F7E4\";>29000<\/p><\/td>\n<\/tr>\n<tr class=\"row-5 odd\">\n\t<td class=\"column-1\">From 100-999 kg<\/td><td class=\"column-2\"><p style=\"background-color:#E8F7E4\";>27000<\/p><\/td>\n<\/tr>\n<tr class=\"row-6 even\">\n\t<td class=\"column-1\">&gt; 1 ton<\/td><td class=\"column-2\"><p style=\"background-color:#E8F7E4\";>25000<\/p><\/td>\n<\/tr>\n<\/tbody>\n<\/table>\n<!-- #tablepress-4 from cache -->\n\n\n\n<p><br>Legend:<\/p>\n\n\n\n<p>-Price excluded of VAT (if any) and shipping cost.<\/p>\n\n\n\n<p>-Free shipping internal Hanoi city<\/p>\n\n\n\n<p>-Find more about White charcoal: <\/p>\n\n\n<blockquote class=\"wp-embedded-content\" data-secret=\"Ulj1dXONrL\"><p><a href=\"https:\/\/thanviet.net\/en\/than-trang\/\">White charcoal<\/a><\/p><\/blockquote>\n<p><iframe class=\"wp-embedded-content\" sandbox=\"allow-scripts\" security=\"restricted\" style=\"position: absolute; clip: rect(1px, 1px, 1px, 1px);\" title=\"&#8220;Than tr\u1eafng&#8221; &#8212; ThanViet\" src=\"https:\/\/thanviet.net\/than-trang\/embed\/#?secret=mDWbTrvk4r#?secret=Ulj1dXONrL\" data-secret=\"Ulj1dXONrL\" width=\"600\" height=\"338\" frameborder=\"0\" marginwidth=\"0\" marginheight=\"0\" scrolling=\"no\"><\/iframe><\/p>\n\n\n\n<p><br><br><br><\/p>\n\n\n\n<div class=\"wp-container-3 wp-block-group\"><div class=\"wp-block-group__inner-container\">\n<div class=\"wp-container-2 wp-block-group\"><div class=\"wp-block-group__inner-container\">\n<div class=\"wp-container-1 wp-block-group\"><div class=\"wp-block-group__inner-container\"><\/div><\/div>\n<\/div><\/div>\n<\/div><\/div>\n\n\n\n<p><br><br><\/p>","protected":false},"excerpt":{"rendered":"<p>B\u1ea3ng gi\u00e1 than tr\u1eafng \u00e1p d\u1ee5ng t\u1eeb th\u00e1ng 06\/2024: L\u01b0u \u00fd: -Gi\u00e1 ch\u01b0a bao g\u1ed3m VAT (n\u1ebfu c\u00f3) v\u00e0 chi ph\u00ed v\u1eadn chuy\u1ec3n. -Mi\u1ec5n ph\u00ed v\u1eadn chuy\u1ec3n n\u1ed9i th\u00e0nh H\u00e0 n\u1ed9i -T\u00ecm hi\u1ec3u v\u1ec1 Than tr\u1eafng:<\/p>","protected":false},"author":2,"featured_media":0,"parent":0,"menu_order":0,"comment_status":"closed","ping_status":"closed","template":"","meta":[],"_links":{"self":[{"href":"https:\/\/thanviet.net\/en\/wp-json\/wp\/v2\/pages\/13163"}],"collection":[{"href":"https:\/\/thanviet.net\/en\/wp-json\/wp\/v2\/pages"}],"about":[{"href":"https:\/\/thanviet.net\/en\/wp-json\/wp\/v2\/types\/page"}],"author":[{"embeddable":true,"href":"https:\/\/thanviet.net\/en\/wp-json\/wp\/v2\/users\/2"}],"replies":[{"embeddable":true,"href":"https:\/\/thanviet.net\/en\/wp-json\/wp\/v2\/comments?post=13163"}],"version-history":[{"count":17,"href":"https:\/\/thanviet.net\/en\/wp-json\/wp\/v2\/pages\/13163\/revisions"}],"predecessor-version":[{"id":13294,"href":"https:\/\/thanviet.net\/en\/wp-json\/wp\/v2\/pages\/13163\/revisions\/13294"}],"wp:attachment":[{"href":"https:\/\/thanviet.net\/en\/wp-json\/wp\/v2\/media?parent=13163"}],"curies":[{"name":"wp","href":"https:\/\/api.w.org\/{rel}","templated":true}]}}