{"id":13380,"date":"2024-06-16T00:29:07","date_gmt":"2024-06-16T00:29:07","guid":{"rendered":"https:\/\/thanviet.net\/?page_id=13380"},"modified":"2024-06-16T00:38:17","modified_gmt":"2024-06-16T00:38:17","slug":"hinh-anh-dong-goi-xuat-khau-than","status":"publish","type":"page","link":"https:\/\/thanviet.net\/en\/hinh-anh-dong-goi-xuat-khau-than\/","title":{"rendered":"H\u00ecnh \u1ea3nh \u0111\u00f3ng g\u00f3i xu\u1ea5t kh\u1ea9u than"},"content":{"rendered":"<p><br><br>M\u1ed9t s\u1ed1 h\u00ecnh \u1ea3nh \u0111\u00f3ng g\u00f3i xu\u1ea5t kh\u1ea9u than:<\/p>\n\n\n\n<figure class=\"wp-container-2 wp-block-gallery-1 wp-block-gallery has-nested-images columns-default is-cropped\">\n<figure class=\"wp-block-image size-large\"><img loading=\"lazy\" width=\"1024\" height=\"768\" data-id=\"13387\"  src=\"https:\/\/thanviet.net\/wp-content\/uploads\/2024\/06\/dong-goi-xk-than2-1024x768.jpg\" alt=\"\" class=\"wp-image-13387\"\/><\/figure>\n\n\n\n<figure class=\"wp-block-image size-large\"><img loading=\"lazy\" width=\"768\" height=\"1024\" data-id=\"13386\"  src=\"https:\/\/thanviet.net\/wp-content\/uploads\/2024\/06\/dong-goi-xk-than3-768x1024.jpg\" alt=\"\" class=\"wp-image-13386\"\/><\/figure>\n\n\n\n<figure class=\"wp-block-image size-large\"><img loading=\"lazy\" width=\"768\" height=\"1024\" data-id=\"13389\"  src=\"https:\/\/thanviet.net\/wp-content\/uploads\/2024\/06\/dong-goi-xk-than4-768x1024.jpg\" alt=\"\" class=\"wp-image-13389\"\/><\/figure>\n\n\n\n<figure class=\"wp-block-image size-large\"><img loading=\"lazy\" width=\"485\" height=\"1024\" data-id=\"13383\"  src=\"https:\/\/thanviet.net\/wp-content\/uploads\/2024\/06\/dong-goi-xk-than7-485x1024.jpg\" alt=\"\" class=\"wp-image-13383\"\/><\/figure>\n\n\n\n<figure class=\"wp-block-image size-large\"><img loading=\"lazy\" width=\"576\" height=\"1024\" data-id=\"13388\"  src=\"https:\/\/thanviet.net\/wp-content\/uploads\/2024\/06\/dong-goi-xk-than9-576x1024.jpg\" alt=\"\" class=\"wp-image-13388\"\/><\/figure>\n\n\n\n<figure class=\"wp-block-image size-large\"><img loading=\"lazy\" width=\"768\" height=\"1024\" data-id=\"13385\"  src=\"https:\/\/thanviet.net\/wp-content\/uploads\/2024\/06\/dong-goi-xk-than10-768x1024.jpg\" alt=\"\" class=\"wp-image-13385\"\/><\/figure>\n\n\n\n<figure class=\"wp-block-image size-large\"><img loading=\"lazy\" width=\"524\" height=\"565\" data-id=\"13384\"  src=\"https:\/\/thanviet.net\/wp-content\/uploads\/2024\/06\/dong-goi-xk-than17.jpg\" alt=\"\" class=\"wp-image-13384\"\/><\/figure>\n\n\n\n<figure class=\"wp-block-image size-large\"><img loading=\"lazy\" width=\"720\" height=\"960\" data-id=\"13393\"  src=\"https:\/\/thanviet.net\/wp-content\/uploads\/2024\/06\/dong-goi-xk-than-2.jpg\" alt=\"\" class=\"wp-image-13393\"\/><\/figure>\n<\/figure>\n\n\n\n<p><br><br><br><br><br><br><br><\/p>","protected":false},"excerpt":{"rendered":"<p>M\u1ed9t s\u1ed1 h\u00ecnh \u1ea3nh \u0111\u00f3ng g\u00f3i xu\u1ea5t kh\u1ea9u than:<\/p>","protected":false},"author":2,"featured_media":0,"parent":0,"menu_order":0,"comment_status":"closed","ping_status":"closed","template":"","meta":[],"_links":{"self":[{"href":"https:\/\/thanviet.net\/en\/wp-json\/wp\/v2\/pages\/13380"}],"collection":[{"href":"https:\/\/thanviet.net\/en\/wp-json\/wp\/v2\/pages"}],"about":[{"href":"https:\/\/thanviet.net\/en\/wp-json\/wp\/v2\/types\/page"}],"author":[{"embeddable":true,"href":"https:\/\/thanviet.net\/en\/wp-json\/wp\/v2\/users\/2"}],"replies":[{"embeddable":true,"href":"https:\/\/thanviet.net\/en\/wp-json\/wp\/v2\/comments?post=13380"}],"version-history":[{"count":4,"href":"https:\/\/thanviet.net\/en\/wp-json\/wp\/v2\/pages\/13380\/revisions"}],"predecessor-version":[{"id":13394,"href":"https:\/\/thanviet.net\/en\/wp-json\/wp\/v2\/pages\/13380\/revisions\/13394"}],"wp:attachment":[{"href":"https:\/\/thanviet.net\/en\/wp-json\/wp\/v2\/media?parent=13380"}],"curies":[{"name":"wp","href":"https:\/\/api.w.org\/{rel}","templated":true}]}}