{"id":859,"date":"2016-03-16T14:18:27","date_gmt":"2016-03-16T14:18:27","guid":{"rendered":"http:\/\/themesgavias.com\/wp\/winnex\/?page_id=859"},"modified":"2020-03-21T10:45:49","modified_gmt":"2020-03-21T10:45:49","slug":"news","status":"publish","type":"page","link":"https:\/\/thanviet.net\/en\/news\/","title":{"rendered":"News"},"content":{"rendered":"<div class=\"vc_wpb_row_inner\"><div id=\"news-page\" class=\"vc_row wpb_row vc_row-fluid remove_padding row-container\"><div class=\"container\"><div class=\"row\"><div class=\"wpb_column vc_column_container vc_col-sm-12\"><div class=\"vc_column-inner\"><div class=\"wpb_wrapper\">\r\n<section class=\"widget gva-blogs-list section-blog\">\r\n    \r\n    <div class=\"widget-content\">\r\n                  <div class=\"posts-list post-items\">\r\n                             \r\n                <div class=\"row\">\r\n                  <div class=\"col-lg-12 col-md-12 col-sm-12 col-xs-12 sticky-post\">\r\n                    <article id=\"post-13475\" class=\"post-13475 post type-post status-publish format-standard has-post-thumbnail hentry category-xuat-khau-than tag-xuat-khau-than\">\n\t<div class=\"post-thumbnail\">\n\t\t<img width=\"587\" height=\"440\" src=\"https:\/\/thanviet.net\/wp-content\/uploads\/2024\/06\/dong-goi-xk-than2-587x440.jpg\" class=\"attachment-post-thumbnail size-post-thumbnail wp-post-image\" alt=\"Ti\u1ec1m n\u0103ng xu\u1ea5t kh\u1ea9u than\" loading=\"lazy\" \/>\t<\/div>\t\n\n\t<div class=\"entry-content\">\n\t\t<div class=\"content-inner\">\n\t\t\t\t\n\t\t\t\t\t\t\t<h2 class=\"entry-title\"><a href=\"https:\/\/thanviet.net\/en\/tiem-nang-xuat-khau-than\/\" rel=\"bookmark\">Potential of Vietnam charcoal<\/a><\/h2>\n\t\t\t\t<div class=\"content-top entry-meta\">\n\t\t\t\t\t\t\t\t\t\t\t\t<span class=\"cat-links\"><a href=\"https:\/\/thanviet.net\/en\/category\/xuat-khau-than\/\" rel=\"category tag\">xu\u1ea5t kh\u1ea9u than<\/a><\/span>\n\t\t\t\t\t\t\t<span class=\"hidden\"><span class=\"entry-date\"><a href=\"https:\/\/thanviet.net\/en\/tiem-nang-xuat-khau-than\/\" rel=\"bookmark\"><time class=\"entry-date\" datetime=\"2024-06-19T08:23:13+00:00\">June 19, 2024<\/time><\/a><\/span><\/span>\n\t\t\t\t\t\t         \t<\/div>\n\t      \t\t\n\n\t\t\tVi\u1ec7t nam l\u00e0 m\u1ed9t trong nh\u1eefng n\u01b0\u1edbc n\u00f4ng l\u00e2m nghi\u1ec7p c\u00f3 nhi\u1ec1u ngu\u1ed3n t\u00e0i nguy\u00ean g\u1ed7, gi\u00e1 nh\u00e2n c\u00f4ng r\u1ebb kh\u00f4ng b\u1ecb h\u1ea1n ch\u1ebf kh\u1eaft khe v\u1ec1 v\u1ea5n \u0111\u1ec1 \u0111\u1ed1t<div class=\"read-more vncv-read-more\"><a class=\"btn-read-more\" href=\"https:\/\/thanviet.net\/en\/tiem-nang-xuat-khau-than\/\">Read more <\/a><\/div>\t\t<\/div>\n\t\t<footer class=\"entry-meta hidden\"><span class=\"tag-links\"><a href=\"https:\/\/thanviet.net\/en\/tag\/xuat-khau-than\/\" rel=\"tag\">xu\u1ea5t kh\u1ea9u than<\/a><\/span><\/footer>\t<\/div><!-- .entry-content -->\t\n\n\t\n<\/article><!-- #post-## -->\n                  <\/div>\r\n                <\/div>\r\n\r\n                             \r\n                <div class=\"row\">\r\n                  <div class=\"col-lg-12 col-md-12 col-sm-12 col-xs-12 sticky-post\">\r\n                    <article id=\"post-13369\" class=\"post-13369 post type-post status-publish format-standard has-post-thumbnail hentry category-than-khong-khoi tag-uu-diem-than-khong-khoi\">\n\t<div class=\"post-thumbnail\">\n\t\t<img width=\"500\" height=\"354\" src=\"https:\/\/thanviet.net\/wp-content\/uploads\/2024\/06\/than-khong-khoi-bao-ve-trai-dat.jpg\" class=\"attachment-post-thumbnail size-post-thumbnail wp-post-image\" alt=\"Nh\u1eefng \u01b0u \u0111i\u1ec3m c\u1ee7a than s\u1ea1ch kh\u00f4ng kh\u00f3i\" loading=\"lazy\" \/>\t<\/div>\t\n\n\t<div class=\"entry-content\">\n\t\t<div class=\"content-inner\">\n\t\t\t\t\n\t\t\t\t\t\t\t<h2 class=\"entry-title\"><a href=\"https:\/\/thanviet.net\/en\/nhung-uu-diem-cua-than-khong-khoi\/\" rel=\"bookmark\">Advantages of smokeless-clean charcoals<\/a><\/h2>\n\t\t\t\t<div class=\"content-top entry-meta\">\n\t\t\t\t\t\t\t\t\t\t\t\t<span class=\"cat-links\"><a href=\"https:\/\/thanviet.net\/en\/category\/than-khong-khoi\/\" rel=\"category tag\">smokeless charcoal<\/a><\/span>\n\t\t\t\t\t\t\t<span class=\"hidden\"><span class=\"entry-date\"><a href=\"https:\/\/thanviet.net\/en\/nhung-uu-diem-cua-than-khong-khoi\/\" rel=\"bookmark\"><time class=\"entry-date\" datetime=\"2024-06-17T02:26:42+00:00\">June 17, 2024<\/time><\/a><\/span><\/span>\n\t\t\t\t\t\t         \t<\/div>\n\t      \t\t\n\n\t\t\tThan kh\u00f4ng kh\u00f3i ch\u1ee7 y\u1ebfu \u0111\u01b0\u1ee3c l\u00e0m t\u1eeb g\u1ed7 r\u1eebng tr\u1ed3ng ho\u1eb7c nguy\u00ean li\u1ec7u ph\u1ebf th\u1ea3i nh\u01b0 m\u00f9n c\u01b0a, v\u1ecf d\u1eeba..cho n\u00ean vi\u1ec7c s\u1eed d\u1ee5ng than kh\u00f4ng kh\u00f3i ch\u00ednh l\u00e0<div class=\"read-more vncv-read-more\"><a class=\"btn-read-more\" href=\"https:\/\/thanviet.net\/en\/nhung-uu-diem-cua-than-khong-khoi\/\">Read more <\/a><\/div>\t\t<\/div>\n\t\t<footer class=\"entry-meta hidden\"><span class=\"tag-links\"><a href=\"https:\/\/thanviet.net\/en\/tag\/uu-diem-than-khong-khoi\/\" rel=\"tag\">\u01b0u \u0111i\u1ec3m than kh\u00f4ng kh\u00f3i<\/a><\/span><\/footer>\t<\/div><!-- .entry-content -->\t\n\n\t\n<\/article><!-- #post-## -->\n                  <\/div>\r\n                <\/div>\r\n\r\n                             \r\n                <div class=\"row\">\r\n                  <div class=\"col-lg-12 col-md-12 col-sm-12 col-xs-12 sticky-post\">\r\n                    <article id=\"post-13234\" class=\"post-13234 post type-post status-publish format-standard has-post-thumbnail hentry category-than-co-khoi tag-featured tag-than-den\">\n\t<div class=\"post-thumbnail\">\n\t\t<img width=\"587\" height=\"440\" src=\"https:\/\/thanviet.net\/wp-content\/uploads\/2024\/06\/than-den-3-587x440.jpeg\" class=\"attachment-post-thumbnail size-post-thumbnail wp-post-image\" alt=\"Than \u0111en l\u00e0 g\u00ec?\" loading=\"lazy\" \/>\t<\/div>\t\n\n\t<div class=\"entry-content\">\n\t\t<div class=\"content-inner\">\n\t\t\t\t\n\t\t\t\t\t\t\t<h2 class=\"entry-title\"><a href=\"https:\/\/thanviet.net\/en\/than-den-la-gi\/\" rel=\"bookmark\">What is black charcoal?<\/a><\/h2>\n\t\t\t\t<div class=\"content-top entry-meta\">\n\t\t\t\t\t\t\t\t\t\t\t\t<span class=\"cat-links\"><a href=\"https:\/\/thanviet.net\/en\/category\/than-co-khoi\/\" rel=\"category tag\">than c\u00f3 kh\u00f3i<\/a><\/span>\n\t\t\t\t\t\t\t<span class=\"hidden\"><span class=\"entry-date\"><a href=\"https:\/\/thanviet.net\/en\/than-den-la-gi\/\" rel=\"bookmark\"><time class=\"entry-date\" datetime=\"2024-06-13T04:18:26+00:00\">June 13, 2024<\/time><\/a><\/span><\/span>\n\t\t\t\t\t\t         \t<\/div>\n\t      \t\t\n\n\t\t\tThan \u0111en l\u00e0 than c\u00f3 kh\u00f3i, c\u00f3 c\u00e1c ch\u1ec9 s\u1ed1 th\u1ea5p h\u01a1n nhi\u1ec1u so v\u1edbi than kh\u00f4ng kh\u00f3i. Than \u0111en th\u01b0\u1eddng l\u00e0m t\u1eeb c\u00e2y g\u1ed7 r\u1eebng tr\u1ed3ng nh\u01b0 b\u1ea1ch \u0111\u00e0n,<div class=\"read-more vncv-read-more\"><a class=\"btn-read-more\" href=\"https:\/\/thanviet.net\/en\/than-den-la-gi\/\">Read more <\/a><\/div>\t\t<\/div>\n\t\t<footer class=\"entry-meta hidden\"><span class=\"tag-links\"><a href=\"https:\/\/thanviet.net\/en\/tag\/featured\/\" rel=\"tag\">featured<\/a><a href=\"https:\/\/thanviet.net\/en\/tag\/than-den\/\" rel=\"tag\">than \u0111en<\/a><\/span><\/footer>\t<\/div><!-- .entry-content -->\t\n\n\t\n<\/article><!-- #post-## -->\n                  <\/div>\r\n                <\/div>\r\n\r\n                             \r\n                <div class=\"row\">\r\n                  <div class=\"col-lg-12 col-md-12 col-sm-12 col-xs-12 sticky-post\">\r\n                    <article id=\"post-13202\" class=\"post-13202 post type-post status-publish format-standard has-post-thumbnail hentry category-than-gao-dua category-than-khong-khoi tag-featured tag-than-shisha\">\n\t<div class=\"post-thumbnail\">\n\t\t<img width=\"600\" height=\"389\" src=\"https:\/\/thanviet.net\/wp-content\/uploads\/2024\/06\/than-gao-dua-vuong-shisha.png\" class=\"attachment-post-thumbnail size-post-thumbnail wp-post-image\" alt=\"Than shisha\" loading=\"lazy\" \/>\t<\/div>\t\n\n\t<div class=\"entry-content\">\n\t\t<div class=\"content-inner\">\n\t\t\t\t\n\t\t\t\t\t\t\t<h2 class=\"entry-title\"><a href=\"https:\/\/thanviet.net\/en\/than-shisha\/\" rel=\"bookmark\">Shisha charcoal<\/a><\/h2>\n\t\t\t\t<div class=\"content-top entry-meta\">\n\t\t\t\t\t\t\t\t\t\t\t\t<span class=\"cat-links\"><a href=\"https:\/\/thanviet.net\/en\/category\/than-gao-dua\/\" rel=\"category tag\">than g\u00e1o d\u1eeba<\/a>, <a href=\"https:\/\/thanviet.net\/en\/category\/than-khong-khoi\/\" rel=\"category tag\">smokeless charcoal<\/a><\/span>\n\t\t\t\t\t\t\t<span class=\"hidden\"><span class=\"entry-date\"><a href=\"https:\/\/thanviet.net\/en\/than-shisha\/\" rel=\"bookmark\"><time class=\"entry-date\" datetime=\"2024-06-12T09:37:56+00:00\">June 12, 2024<\/time><\/a><\/span><\/span>\n\t\t\t\t\t\t         \t<\/div>\n\t      \t\t\n\n\t\t\tIt is a high value product of coconut charcoal. Usually use for Shisha.\n<div class=\"read-more vncv-read-more\"><a class=\"btn-read-more\" href=\"https:\/\/thanviet.net\/en\/than-shisha\/\">Read more <\/a><\/div>\t\t<\/div>\n\t\t<footer class=\"entry-meta hidden\"><span class=\"tag-links\"><a href=\"https:\/\/thanviet.net\/en\/tag\/featured\/\" rel=\"tag\">featured<\/a><a href=\"https:\/\/thanviet.net\/en\/tag\/than-shisha\/\" rel=\"tag\">than shisha<\/a><\/span><\/footer>\t<\/div><!-- .entry-content -->\t\n\n\t\n<\/article><!-- #post-## -->\n                  <\/div>\r\n                <\/div>\r\n\r\n                             \r\n                <div class=\"row\">\r\n                  <div class=\"col-lg-12 col-md-12 col-sm-12 col-xs-12 sticky-post\">\r\n                    <article id=\"post-13107\" class=\"post-13107 post type-post status-publish format-standard has-post-thumbnail hentry category-than-gao-dua category-than-khong-khoi tag-featured tag-than-gao-dua\">\n\t<div class=\"post-thumbnail\">\n\t\t<img width=\"600\" height=\"316\" src=\"https:\/\/thanviet.net\/wp-content\/uploads\/2024\/06\/coconut-bbq-600x316.jpg\" class=\"attachment-post-thumbnail size-post-thumbnail wp-post-image\" alt=\"Than g\u00e1o d\u1eeba\" loading=\"lazy\" \/>\t<\/div>\t\n\n\t<div class=\"entry-content\">\n\t\t<div class=\"content-inner\">\n\t\t\t\t\n\t\t\t\t\t\t\t<h2 class=\"entry-title\"><a href=\"https:\/\/thanviet.net\/en\/than-gao-dua\/\" rel=\"bookmark\">Coconut charcoal<\/a><\/h2>\n\t\t\t\t<div class=\"content-top entry-meta\">\n\t\t\t\t\t\t\t\t\t\t\t\t<span class=\"cat-links\"><a href=\"https:\/\/thanviet.net\/en\/category\/than-gao-dua\/\" rel=\"category tag\">than g\u00e1o d\u1eeba<\/a>, <a href=\"https:\/\/thanviet.net\/en\/category\/than-khong-khoi\/\" rel=\"category tag\">smokeless charcoal<\/a><\/span>\n\t\t\t\t\t\t\t<span class=\"hidden\"><span class=\"entry-date\"><a href=\"https:\/\/thanviet.net\/en\/than-gao-dua\/\" rel=\"bookmark\"><time class=\"entry-date\" datetime=\"2024-06-12T03:57:10+00:00\">June 12, 2024<\/time><\/a><\/span><\/span>\n\t\t\t\t\t\t         \t<\/div>\n\t      \t\t\n\n\t\t\tCoconut charcoal is 100% made from coconut shell. This is clean, organic and specializing for BOQ. The product is made from nature.<div class=\"read-more vncv-read-more\"><a class=\"btn-read-more\" href=\"https:\/\/thanviet.net\/en\/than-gao-dua\/\">Read more <\/a><\/div>\t\t<\/div>\n\t\t<footer class=\"entry-meta hidden\"><span class=\"tag-links\"><a href=\"https:\/\/thanviet.net\/en\/tag\/featured\/\" rel=\"tag\">featured<\/a><a href=\"https:\/\/thanviet.net\/en\/tag\/than-gao-dua\/\" rel=\"tag\">than g\u00e1o d\u1eeba<\/a><\/span><\/footer>\t<\/div><!-- .entry-content -->\t\n\n\t\n<\/article><!-- #post-## -->\n                  <\/div>\r\n                <\/div>\r\n\r\n                             \r\n                <div class=\"row\">\r\n                  <div class=\"col-lg-12 col-md-12 col-sm-12 col-xs-12 sticky-post\">\r\n                    <article id=\"post-13068\" class=\"post-13068 post type-post status-publish format-standard has-post-thumbnail hentry category-than-khong-khoi tag-featured tag-than-khong-khoi-la-gi\">\n\t<div class=\"post-thumbnail\">\n\t\t<img width=\"587\" height=\"440\" src=\"https:\/\/thanviet.net\/wp-content\/uploads\/2024\/06\/than-trang4-587x440.jpeg\" class=\"attachment-post-thumbnail size-post-thumbnail wp-post-image\" alt=\"Than kh\u00f4ng kh\u00f3i l\u00e0 g\u00ec?\" loading=\"lazy\" \/>\t<\/div>\t\n\n\t<div class=\"entry-content\">\n\t\t<div class=\"content-inner\">\n\t\t\t\t\n\t\t\t\t\t\t\t<h2 class=\"entry-title\"><a href=\"https:\/\/thanviet.net\/en\/than-khong-khoi\/\" rel=\"bookmark\">What is smokeless charcoal?<\/a><\/h2>\n\t\t\t\t<div class=\"content-top entry-meta\">\n\t\t\t\t\t\t\t\t\t\t\t\t<span class=\"cat-links\"><a href=\"https:\/\/thanviet.net\/en\/category\/than-khong-khoi\/\" rel=\"category tag\">smokeless charcoal<\/a><\/span>\n\t\t\t\t\t\t\t<span class=\"hidden\"><span class=\"entry-date\"><a href=\"https:\/\/thanviet.net\/en\/than-khong-khoi\/\" rel=\"bookmark\"><time class=\"entry-date\" datetime=\"2024-06-12T01:27:55+00:00\">June 12, 2024<\/time><\/a><\/span><\/span>\n\t\t\t\t\t\t         \t<\/div>\n\t      \t\t\n\n\t\t\tThan kh\u00f4ng kh\u00f3i l\u00e0 lo\u1ea1i than \u0111\u01b0\u1ee3c carbon ho\u00e1 cao (th\u01b0\u1eddng tr\u00ean 72%) \u0111\u1ec3 lo\u1ea1i b\u1ecf xenlulo v\u00e0 c\u00e1c t\u1ea1p ch\u1ea5t trong g\u1ed7 (\u0111\u00e2y l\u00e0 nh\u1eefng th\u00e0nh ph\u1ea7n t\u1ea1o ra<div class=\"read-more vncv-read-more\"><a class=\"btn-read-more\" href=\"https:\/\/thanviet.net\/en\/than-khong-khoi\/\">Read more <\/a><\/div>\t\t<\/div>\n\t\t<footer class=\"entry-meta hidden\"><span class=\"tag-links\"><a href=\"https:\/\/thanviet.net\/en\/tag\/featured\/\" rel=\"tag\">featured<\/a><a href=\"https:\/\/thanviet.net\/en\/tag\/than-khong-khoi-la-gi\/\" rel=\"tag\">than kh\u00f4ng kh\u00f3i l\u00e0 g\u00ec<\/a><\/span><\/footer>\t<\/div><!-- .entry-content -->\t\n\n\t\n<\/article><!-- #post-## -->\n                  <\/div>\r\n                <\/div>\r\n\r\n                             \r\n                <div class=\"row\">\r\n                  <div class=\"col-lg-12 col-md-12 col-sm-12 col-xs-12 sticky-post\">\r\n                    <article id=\"post-13035\" class=\"post-13035 post type-post status-publish format-standard has-post-thumbnail hentry category-than-khong-khoi category-than-trang tag-featured tag-than-khong-khoi tag-than-trang\">\n\t<div class=\"post-thumbnail\">\n\t\t<img width=\"600\" height=\"402\" src=\"https:\/\/thanviet.net\/wp-content\/uploads\/2024\/06\/than-trang6-Copy-600x402.jpeg\" class=\"attachment-post-thumbnail size-post-thumbnail wp-post-image\" alt=\"Than tr\u1eafng\" loading=\"lazy\" \/>\t<\/div>\t\n\n\t<div class=\"entry-content\">\n\t\t<div class=\"content-inner\">\n\t\t\t\t\n\t\t\t\t\t\t\t<h2 class=\"entry-title\"><a href=\"https:\/\/thanviet.net\/en\/than-trang\/\" rel=\"bookmark\">White charcoal<\/a><\/h2>\n\t\t\t\t<div class=\"content-top entry-meta\">\n\t\t\t\t\t\t\t\t\t\t\t\t<span class=\"cat-links\"><a href=\"https:\/\/thanviet.net\/en\/category\/than-khong-khoi\/\" rel=\"category tag\">smokeless charcoal<\/a>, <a href=\"https:\/\/thanviet.net\/en\/category\/than-trang\/\" rel=\"category tag\">than tr\u1eafng<\/a><\/span>\n\t\t\t\t\t\t\t<span class=\"hidden\"><span class=\"entry-date\"><a href=\"https:\/\/thanviet.net\/en\/than-trang\/\" rel=\"bookmark\"><time class=\"entry-date\" datetime=\"2024-06-11T11:41:12+00:00\">June 11, 2024<\/time><\/a><\/span><\/span>\n\t\t\t\t\t\t         \t<\/div>\n\t      \t\t\n\n\t\t\tWhite charcoal is a clean-smokeless charcoal with highest quality, most expensive and usually imported by developing countries.<div class=\"read-more vncv-read-more\"><a class=\"btn-read-more\" href=\"https:\/\/thanviet.net\/en\/than-trang\/\">Read more <\/a><\/div>\t\t<\/div>\n\t\t<footer class=\"entry-meta hidden\"><span class=\"tag-links\"><a href=\"https:\/\/thanviet.net\/en\/tag\/featured\/\" rel=\"tag\">featured<\/a><a href=\"https:\/\/thanviet.net\/en\/tag\/than-khong-khoi\/\" rel=\"tag\">smokeless charcoal<\/a><a href=\"https:\/\/thanviet.net\/en\/tag\/than-trang\/\" rel=\"tag\">than tr\u1eafng<\/a><\/span><\/footer>\t<\/div><!-- .entry-content -->\t\n\n\t\n<\/article><!-- #post-## -->\n                  <\/div>\r\n                <\/div>\r\n\r\n                             \r\n                <div class=\"row\">\r\n                  <div class=\"col-lg-12 col-md-12 col-sm-12 col-xs-12 sticky-post\">\r\n                    <article id=\"post-12983\" class=\"post-12983 post type-post status-publish format-standard has-post-thumbnail hentry category-than-khong-khoi category-than-mun-cua tag-featured tag-than-khong-khoi tag-than-mun-cua-khong-khoi\">\n\t<div class=\"post-thumbnail\">\n\t\t<img width=\"546\" height=\"440\" src=\"https:\/\/thanviet.net\/wp-content\/uploads\/2024\/06\/than-mun-cua-loai-A-546x440.jpg\" class=\"attachment-post-thumbnail size-post-thumbnail wp-post-image\" alt=\"Than m\u00f9n c\u01b0a kh\u00f4ng kh\u00f3i\" loading=\"lazy\" \/>\t<\/div>\t\n\n\t<div class=\"entry-content\">\n\t\t<div class=\"content-inner\">\n\t\t\t\t\n\t\t\t\t\t\t\t<h2 class=\"entry-title\"><a href=\"https:\/\/thanviet.net\/en\/than-mun-cua-khong-khoi\/\" rel=\"bookmark\">Smokeless sawdust charcoal<\/a><\/h2>\n\t\t\t\t<div class=\"content-top entry-meta\">\n\t\t\t\t\t\t\t\t\t\t\t\t<span class=\"cat-links\"><a href=\"https:\/\/thanviet.net\/en\/category\/than-khong-khoi\/\" rel=\"category tag\">smokeless charcoal<\/a>, <a href=\"https:\/\/thanviet.net\/en\/category\/than-mun-cua\/\" rel=\"category tag\">sawdust charcoal<\/a><\/span>\n\t\t\t\t\t\t\t<span class=\"hidden\"><span class=\"entry-date\"><a href=\"https:\/\/thanviet.net\/en\/than-mun-cua-khong-khoi\/\" rel=\"bookmark\"><time class=\"entry-date\" datetime=\"2024-06-11T04:49:41+00:00\">June 11, 2024<\/time><\/a><\/span><\/span>\n\t\t\t\t\t\t         \t<\/div>\n\t      \t\t\n\n\t\t\tTr\u00ean th\u1ecb tr\u01b0\u1eddng c\u00f3 r\u1ea5t nhi\u1ec1u lo\u1ea1i than m\u00f9n c\u01b0a, \u0111a s\u1ed1 l\u00e0m t\u1eeb g\u1ed7 r\u1eebng tr\u1ed3ng v\u00e0 ch\u01b0a c\u00f3 b\u1ea3ng test. Qu\u00fd kh\u00e1ch c\u00e2n nh\u1eafc v\u1ec1 l\u1ef1a ch\u1ecdn gi\u1eefa<div class=\"read-more vncv-read-more\"><a class=\"btn-read-more\" href=\"https:\/\/thanviet.net\/en\/than-mun-cua-khong-khoi\/\">Read more <\/a><\/div>\t\t<\/div>\n\t\t<footer class=\"entry-meta hidden\"><span class=\"tag-links\"><a href=\"https:\/\/thanviet.net\/en\/tag\/featured\/\" rel=\"tag\">featured<\/a><a href=\"https:\/\/thanviet.net\/en\/tag\/than-khong-khoi\/\" rel=\"tag\">smokeless charcoal<\/a><a href=\"https:\/\/thanviet.net\/en\/tag\/than-mun-cua-khong-khoi\/\" rel=\"tag\">than m\u00f9n c\u01b0a kh\u00f4ng kh\u00f3i<\/a><\/span><\/footer>\t<\/div><!-- .entry-content -->\t\n\n\t\n<\/article><!-- #post-## -->\n                  <\/div>\r\n                <\/div>\r\n\r\n                       <\/div>\r\n           \r\n    \r\n          <div class=\"pagination\">\r\n              <\/div>\r\n      \r\n    <\/div>\r\n<\/section>\r\n<\/div><\/div><\/div><\/div><\/div><\/div><\/div>","protected":false},"excerpt":{"rendered":"1.Ch\u1ea5t l\u01b0\u1ee3ng c\u1ee7a than m\u00f9n c\u01b0a Ch\u1ea5t l\u01b0\u1ee3ng c\u1ee7a than m\u00f9n c\u01b0a ph\u1ee5 thu\u1ed9c ph\u1ea7n l\u1edbn v\u00e0o: Lo\u1ea1i m\u00f9n \u0111\u01b0\u1ee3c thu mua \u0111\u1ec3 l\u00e0m ph\u00f4i than: m\u00f9n l\u00e0ng ngh\u1ec1 t\u1eeb g\u1ed7 lim, t\u00e1u s\u1ebd cho ra ch\u1ea5t l\u01b0\u1ee3ng than kh\u00e1c bi\u1ec7t so v\u1edbi ph\u00f4i than \u0111\u01b0\u1ee3c l\u00e0m t\u1eeb m\u00f9n g\u1ed7 keo ho\u1eb7c c\u00e1c lo\u1ea1i g\u1ed7 [...]","protected":false},"author":1,"featured_media":0,"parent":0,"menu_order":0,"comment_status":"closed","ping_status":"closed","template":"","meta":[],"_links":{"self":[{"href":"https:\/\/thanviet.net\/en\/wp-json\/wp\/v2\/pages\/859"}],"collection":[{"href":"https:\/\/thanviet.net\/en\/wp-json\/wp\/v2\/pages"}],"about":[{"href":"https:\/\/thanviet.net\/en\/wp-json\/wp\/v2\/types\/page"}],"author":[{"embeddable":true,"href":"https:\/\/thanviet.net\/en\/wp-json\/wp\/v2\/users\/1"}],"replies":[{"embeddable":true,"href":"https:\/\/thanviet.net\/en\/wp-json\/wp\/v2\/comments?post=859"}],"version-history":[{"count":29,"href":"https:\/\/thanviet.net\/en\/wp-json\/wp\/v2\/pages\/859\/revisions"}],"predecessor-version":[{"id":4357,"href":"https:\/\/thanviet.net\/en\/wp-json\/wp\/v2\/pages\/859\/revisions\/4357"}],"wp:attachment":[{"href":"https:\/\/thanviet.net\/en\/wp-json\/wp\/v2\/media?parent=859"}],"curies":[{"name":"wp","href":"https:\/\/api.w.org\/{rel}","templated":true}]}}